{"id":2505,"date":"2020-01-14T14:45:33","date_gmt":"2020-01-14T14:45:33","guid":{"rendered":"https:\/\/solene.qodeinteractive.com\/elementor\/?page_id=2505"},"modified":"2024-10-09T20:43:24","modified_gmt":"2024-10-09T18:43:24","slug":"standard","status":"publish","type":"page","link":"https:\/\/vinczefilm.hu\/index.php\/standard\/","title":{"rendered":"Esk\u00fcv\u0151k"},"content":{"rendered":"\t\t<div data-elementor-type=\"wp-page\" data-elementor-id=\"2505\" class=\"elementor elementor-2505\" data-elementor-post-type=\"page\">\n\t\t\t\t\t\t<section class=\"elementor-section elementor-top-section elementor-element elementor-element-3972982c elementor-section-full_width elementor-section-height-default elementor-section-height-default eltdf-parallax-row-no eltdf-content-aligment-left eltdf-elementor-row-grid-no eltdf-disabled-bg-image-bellow-no\" data-id=\"3972982c\" data-element_type=\"section\">\n\t\t\t\t\t\t<div class=\"elementor-container elementor-column-gap-no\">\n\t\t\t\t\t<div class=\"elementor-column elementor-col-100 elementor-top-column elementor-element elementor-element-965c29f\" data-id=\"965c29f\" data-element_type=\"column\">\n\t\t\t<div class=\"elementor-widget-wrap elementor-element-populated\">\n\t\t\t\t\t\t<div class=\"elementor-element elementor-element-f09381b elementor-widget elementor-widget-eltdf_portfolio_list\" data-id=\"f09381b\" data-element_type=\"widget\" data-widget_type=\"eltdf_portfolio_list.default\">\n\t\t\t\t<div class=\"elementor-widget-container\">\n\t\t\t<div class=\"eltdf-portfolio-list-holder eltdf-grid-list eltdf-pl-gallery eltdf-three-columns eltdf-normal-space  eltdf-pl-standard-move     eltdf-pl-pag-load-more      \"  data-type=gallery data-number-of-columns=three data-space-between-items=normal data-number-of-items=9 data-image-proportions=full data-enable-image-shadow=no data-category=Esk\u00fcv\u0151 data-orderby=date data-order=ASC data-item-style=standard-move data-enable-title=yes data-title-tag=h3 data-enable-category=yes data-enable-count-images=yes data-enable-excerpt=no data-pagination-type=load-more data-load-more-top-margin=29px data-filter=no data-enable-article-animation=no data-portfolio-slider-on=no data-enable-loop=yes data-enable-autoplay=yes data-slider-speed=5000 data-slider-speed-animation=600 data-enable-navigation=yes data-enable-pagination=yes data-main-title-tag=h3 data-max-num-pages=1 data-next-page=2>\n\t\t<div class=\"eltdf-pl-inner eltdf-outer-space  clearfix\">\n\t\t<article class=\"eltdf-pl-item eltdf-item-space  post-700 portfolio-item type-portfolio-item status-publish has-post-thumbnail hentry portfolio-category-eskuvo portfolio-tag-beauty\" >\n\t<div class=\"eltdf-pl-item-inner\">\n\t\t<div class=\"eltdf-pli-image\">\n\t<img fetchpriority=\"high\" decoding=\"async\" width=\"2560\" height=\"1707\" src=\"https:\/\/vinczefilm.hu\/wp-content\/uploads\/2024\/10\/MKY08775-scaled.jpg\" class=\"attachment-full size-full wp-post-image\" alt=\"\" srcset=\"https:\/\/vinczefilm.hu\/wp-content\/uploads\/2024\/10\/MKY08775-scaled.jpg 2560w, https:\/\/vinczefilm.hu\/wp-content\/uploads\/2024\/10\/MKY08775-300x200.jpg 300w, https:\/\/vinczefilm.hu\/wp-content\/uploads\/2024\/10\/MKY08775-1024x683.jpg 1024w, https:\/\/vinczefilm.hu\/wp-content\/uploads\/2024\/10\/MKY08775-768x512.jpg 768w, https:\/\/vinczefilm.hu\/wp-content\/uploads\/2024\/10\/MKY08775-1536x1024.jpg 1536w\" sizes=\"(max-width: 2560px) 100vw, 2560px\" \/><\/div>\n<div class=\"eltdf-pli-text-holder\" >\n\t<div class=\"eltdf-pli-text-wrapper\">\n\t\t<div class=\"eltdf-pli-text\">\n\t\t\t\t\t<div class=\"eltdf-pli-category-holder\">\n\t\t\t\t\t\t\t<a itemprop=\"url\" class=\"eltdf-pli-category\" href=\"https:\/\/vinczefilm.hu\/index.php\/portfolio-category\/eskuvo\/\">Esk\u00fcv\u0151<\/a>\n\t\t\t\t\t<\/div>\n\t\t\t\t\n\t\t\t\t<h3 itemprop=\"name\" class=\"eltdf-pli-title entry-title\" >\n\t\tMarcsi + Gerg\u0151\t<\/h3>\n\n\t\t\t\n\t\t\t\t\t<\/div>\n\t<\/div>\n<\/div>\n\t\t<a itemprop=\"url\" class=\"eltdf-pli-link eltdf-block-drag-link\" href=\"https:\/\/vinczefilm.hu\/index.php\/portfolio-item\/big-day\/\" target=\"_self\"><\/a>\n\t<\/div>\n<\/article><article class=\"eltdf-pl-item eltdf-item-space  post-1359 portfolio-item type-portfolio-item status-publish has-post-thumbnail hentry portfolio-category-eskuvo portfolio-tag-big-day\" >\n\t<div class=\"eltdf-pl-item-inner\">\n\t\t<div class=\"eltdf-pli-image\">\n\t<img decoding=\"async\" width=\"2560\" height=\"1703\" src=\"https:\/\/vinczefilm.hu\/wp-content\/uploads\/2024\/10\/PKW_5901-scaled.jpg\" class=\"attachment-full size-full wp-post-image\" alt=\"\" srcset=\"https:\/\/vinczefilm.hu\/wp-content\/uploads\/2024\/10\/PKW_5901-scaled.jpg 2560w, https:\/\/vinczefilm.hu\/wp-content\/uploads\/2024\/10\/PKW_5901-300x200.jpg 300w, https:\/\/vinczefilm.hu\/wp-content\/uploads\/2024\/10\/PKW_5901-1024x681.jpg 1024w, https:\/\/vinczefilm.hu\/wp-content\/uploads\/2024\/10\/PKW_5901-768x511.jpg 768w, https:\/\/vinczefilm.hu\/wp-content\/uploads\/2024\/10\/PKW_5901-1536x1022.jpg 1536w\" sizes=\"(max-width: 2560px) 100vw, 2560px\" \/><\/div>\n<div class=\"eltdf-pli-text-holder\" >\n\t<div class=\"eltdf-pli-text-wrapper\">\n\t\t<div class=\"eltdf-pli-text\">\n\t\t\t\t\t<div class=\"eltdf-pli-category-holder\">\n\t\t\t\t\t\t\t<a itemprop=\"url\" class=\"eltdf-pli-category\" href=\"https:\/\/vinczefilm.hu\/index.php\/portfolio-category\/eskuvo\/\">Esk\u00fcv\u0151<\/a>\n\t\t\t\t\t<\/div>\n\t\t\t\t\n\t\t\t\t<h3 itemprop=\"name\" class=\"eltdf-pli-title entry-title\" >\n\t\tZS\u00d3FI &#038; TOMI\t<\/h3>\n\n\t\t\t\n\t\t\t\t\t<\/div>\n\t<\/div>\n<\/div>\n\t\t<a itemprop=\"url\" class=\"eltdf-pli-link eltdf-block-drag-link\" href=\"https:\/\/vinczefilm.hu\/index.php\/portfolio-item\/tom-elizabeth\/\" target=\"_self\"><\/a>\n\t<\/div>\n<\/article><article class=\"eltdf-pl-item eltdf-item-space  post-6788 portfolio-item type-portfolio-item status-publish has-post-thumbnail hentry portfolio-category-eskuvo\" >\n\t<div class=\"eltdf-pl-item-inner\">\n\t\t<div class=\"eltdf-pli-image\">\n\t<img decoding=\"async\" width=\"2560\" height=\"1707\" src=\"https:\/\/vinczefilm.hu\/wp-content\/uploads\/2024\/10\/Zsani_es_Csizi_21-scaled.jpg\" class=\"attachment-full size-full wp-post-image\" alt=\"\" srcset=\"https:\/\/vinczefilm.hu\/wp-content\/uploads\/2024\/10\/Zsani_es_Csizi_21-scaled.jpg 2560w, https:\/\/vinczefilm.hu\/wp-content\/uploads\/2024\/10\/Zsani_es_Csizi_21-300x200.jpg 300w, https:\/\/vinczefilm.hu\/wp-content\/uploads\/2024\/10\/Zsani_es_Csizi_21-1024x683.jpg 1024w, https:\/\/vinczefilm.hu\/wp-content\/uploads\/2024\/10\/Zsani_es_Csizi_21-768x512.jpg 768w, https:\/\/vinczefilm.hu\/wp-content\/uploads\/2024\/10\/Zsani_es_Csizi_21-1536x1024.jpg 1536w\" sizes=\"(max-width: 2560px) 100vw, 2560px\" \/><\/div>\n<div class=\"eltdf-pli-text-holder\" >\n\t<div class=\"eltdf-pli-text-wrapper\">\n\t\t<div class=\"eltdf-pli-text\">\n\t\t\t\t\t<div class=\"eltdf-pli-category-holder\">\n\t\t\t\t\t\t\t<a itemprop=\"url\" class=\"eltdf-pli-category\" href=\"https:\/\/vinczefilm.hu\/index.php\/portfolio-category\/eskuvo\/\">Esk\u00fcv\u0151<\/a>\n\t\t\t\t\t<\/div>\n\t\t\t\t\n\t\t\t\t<h3 itemprop=\"name\" class=\"eltdf-pli-title entry-title\" >\n\t\tZsani \u00c9s Csizi\t<\/h3>\n\n\t\t\t\n\t\t\t\t\t<\/div>\n\t<\/div>\n<\/div>\n\t\t<a itemprop=\"url\" class=\"eltdf-pli-link eltdf-block-drag-link\" href=\"https:\/\/vinczefilm.hu\/index.php\/portfolio-item\/zsani-es-csizi\/\" target=\"_self\"><\/a>\n\t<\/div>\n<\/article><article class=\"eltdf-pl-item eltdf-item-space  post-6795 portfolio-item type-portfolio-item status-publish has-post-thumbnail hentry portfolio-category-eskuvo\" >\n\t<div class=\"eltdf-pl-item-inner\">\n\t\t<div class=\"eltdf-pli-image\">\n\t<img loading=\"lazy\" decoding=\"async\" width=\"2560\" height=\"1707\" src=\"https:\/\/vinczefilm.hu\/wp-content\/uploads\/2024\/10\/02-1-scaled.jpg\" class=\"attachment-full size-full wp-post-image\" alt=\"\" srcset=\"https:\/\/vinczefilm.hu\/wp-content\/uploads\/2024\/10\/02-1-scaled.jpg 2560w, https:\/\/vinczefilm.hu\/wp-content\/uploads\/2024\/10\/02-1-300x200.jpg 300w, https:\/\/vinczefilm.hu\/wp-content\/uploads\/2024\/10\/02-1-1024x683.jpg 1024w, https:\/\/vinczefilm.hu\/wp-content\/uploads\/2024\/10\/02-1-768x512.jpg 768w, https:\/\/vinczefilm.hu\/wp-content\/uploads\/2024\/10\/02-1-1536x1024.jpg 1536w\" sizes=\"(max-width: 2560px) 100vw, 2560px\" \/><\/div>\n<div class=\"eltdf-pli-text-holder\" >\n\t<div class=\"eltdf-pli-text-wrapper\">\n\t\t<div class=\"eltdf-pli-text\">\n\t\t\t\t\t<div class=\"eltdf-pli-category-holder\">\n\t\t\t\t\t\t\t<a itemprop=\"url\" class=\"eltdf-pli-category\" href=\"https:\/\/vinczefilm.hu\/index.php\/portfolio-category\/eskuvo\/\">Esk\u00fcv\u0151<\/a>\n\t\t\t\t\t<\/div>\n\t\t\t\t\n\t\t\t\t<h3 itemprop=\"name\" class=\"eltdf-pli-title entry-title\" >\n\t\tBernadett &#038; Szabolcs\t<\/h3>\n\n\t\t\t\n\t\t\t\t\t<\/div>\n\t<\/div>\n<\/div>\n\t\t<a itemprop=\"url\" class=\"eltdf-pli-link eltdf-block-drag-link\" href=\"https:\/\/vinczefilm.hu\/index.php\/portfolio-item\/bernadett-szabolcs\/\" target=\"_self\"><\/a>\n\t<\/div>\n<\/article><article class=\"eltdf-pl-item eltdf-item-space  post-6797 portfolio-item type-portfolio-item status-publish has-post-thumbnail hentry portfolio-category-eskuvo\" >\n\t<div class=\"eltdf-pl-item-inner\">\n\t\t<div class=\"eltdf-pli-image\">\n\t<img fetchpriority=\"high\" decoding=\"async\" width=\"2560\" height=\"1707\" src=\"https:\/\/vinczefilm.hu\/wp-content\/uploads\/2024\/10\/MKY08775-scaled.jpg\" class=\"attachment-full size-full wp-post-image\" alt=\"\" srcset=\"https:\/\/vinczefilm.hu\/wp-content\/uploads\/2024\/10\/MKY08775-scaled.jpg 2560w, https:\/\/vinczefilm.hu\/wp-content\/uploads\/2024\/10\/MKY08775-300x200.jpg 300w, https:\/\/vinczefilm.hu\/wp-content\/uploads\/2024\/10\/MKY08775-1024x683.jpg 1024w, https:\/\/vinczefilm.hu\/wp-content\/uploads\/2024\/10\/MKY08775-768x512.jpg 768w, https:\/\/vinczefilm.hu\/wp-content\/uploads\/2024\/10\/MKY08775-1536x1024.jpg 1536w\" sizes=\"(max-width: 2560px) 100vw, 2560px\" \/><\/div>\n<div class=\"eltdf-pli-text-holder\" >\n\t<div class=\"eltdf-pli-text-wrapper\">\n\t\t<div class=\"eltdf-pli-text\">\n\t\t\t\t\t<div class=\"eltdf-pli-category-holder\">\n\t\t\t\t\t\t\t<a itemprop=\"url\" class=\"eltdf-pli-category\" href=\"https:\/\/vinczefilm.hu\/index.php\/portfolio-category\/eskuvo\/\">Esk\u00fcv\u0151<\/a>\n\t\t\t\t\t<\/div>\n\t\t\t\t\n\t\t\t\t<h3 itemprop=\"name\" class=\"eltdf-pli-title entry-title\" >\n\t\tMarcsi + Gerg\u0151\t<\/h3>\n\n\t\t\t\n\t\t\t\t\t<\/div>\n\t<\/div>\n<\/div>\n\t\t<a itemprop=\"url\" class=\"eltdf-pli-link eltdf-block-drag-link\" href=\"https:\/\/vinczefilm.hu\/index.php\/portfolio-item\/marcsi-gergo\/\" target=\"_self\"><\/a>\n\t<\/div>\n<\/article>\t<\/div>\n\t\n\t<\/div>\t\t<\/div>\n\t\t\t\t<\/div>\n\t\t\t\t<div class=\"elementor-element elementor-element-51627330 elementor-widget elementor-widget-text-editor\" data-id=\"51627330\" data-element_type=\"widget\" data-widget_type=\"text-editor.default\">\n\t\t\t\t<div class=\"elementor-widget-container\">\n\t\t\t\t\t\t\t<br \/>\n\t\t\t\t\t\t<\/div>\n\t\t\t\t<\/div>\n\t\t\t\t\t<\/div>\n\t\t<\/div>\n\t\t\t\t\t<\/div>\n\t\t<\/section>\n\t\t\t\t<\/div>\n\t\t","protected":false},"excerpt":{"rendered":"<p>Esk\u00fcv\u0151 ZS\u00d3FI &#038; TOMI Esk\u00fcv\u0151 Zsani \u00c9s Csizi Esk\u00fcv\u0151 Bernadett &#038; Szabolcs Esk\u00fcv\u0151 Marcsi + Gerg\u0151<\/p>\n","protected":false},"author":1,"featured_media":0,"parent":0,"menu_order":0,"comment_status":"closed","ping_status":"closed","template":"","meta":{"footnotes":""},"class_list":["post-2505","page","type-page","status-publish","hentry"],"_links":{"self":[{"href":"https:\/\/vinczefilm.hu\/index.php\/wp-json\/wp\/v2\/pages\/2505","targetHints":{"allow":["GET"]}}],"collection":[{"href":"https:\/\/vinczefilm.hu\/index.php\/wp-json\/wp\/v2\/pages"}],"about":[{"href":"https:\/\/vinczefilm.hu\/index.php\/wp-json\/wp\/v2\/types\/page"}],"author":[{"embeddable":true,"href":"https:\/\/vinczefilm.hu\/index.php\/wp-json\/wp\/v2\/users\/1"}],"replies":[{"embeddable":true,"href":"https:\/\/vinczefilm.hu\/index.php\/wp-json\/wp\/v2\/comments?post=2505"}],"version-history":[{"count":9,"href":"https:\/\/vinczefilm.hu\/index.php\/wp-json\/wp\/v2\/pages\/2505\/revisions"}],"predecessor-version":[{"id":6801,"href":"https:\/\/vinczefilm.hu\/index.php\/wp-json\/wp\/v2\/pages\/2505\/revisions\/6801"}],"wp:attachment":[{"href":"https:\/\/vinczefilm.hu\/index.php\/wp-json\/wp\/v2\/media?parent=2505"}],"curies":[{"name":"wp","href":"https:\/\/api.w.org\/{rel}","templated":true}]}}